{"id":5,"date":"2013-11-23T11:10:22","date_gmt":"2013-11-23T10:10:22","guid":{"rendered":"http:\/\/caravaning.si\/tischer\/?page_id=5"},"modified":"2025-12-05T10:05:01","modified_gmt":"2025-12-05T09:05:01","slug":"domov","status":"publish","type":"page","link":"https:\/\/caravaning.si\/tischer\/","title":{"rendered":""},"content":{"rendered":"<p><a href=\"http:\/\/caravaning.si\/tischer\/wp-content\/uploads\/2013\/11\/Dsc_1941-p.jpg\"><img loading=\"lazy\" decoding=\"async\" class=\"aligncenter size-large wp-image-623\" src=\"http:\/\/caravaning.si\/tischer\/wp-content\/uploads\/2013\/11\/Dsc_1941-p-1024x684.jpg\" alt=\"Dsc_1941-p\" width=\"715\" height=\"478\" srcset=\"https:\/\/caravaning.si\/tischer\/wp-content\/uploads\/2013\/11\/Dsc_1941-p-1024x684.jpg 1024w, https:\/\/caravaning.si\/tischer\/wp-content\/uploads\/2013\/11\/Dsc_1941-p-300x201.jpg 300w, https:\/\/caravaning.si\/tischer\/wp-content\/uploads\/2013\/11\/Dsc_1941-p.jpg 1200w\" sizes=\"auto, (max-width: 715px) 100vw, 715px\" \/><\/a><a href=\"http:\/\/caravaning.si\/tischer\/wp-content\/uploads\/2013\/11\/Ford-Ranger-2023-in-Trail-230S.jpg\"><img loading=\"lazy\" decoding=\"async\" class=\"aligncenter size-full wp-image-622\" src=\"http:\/\/caravaning.si\/tischer\/wp-content\/uploads\/2013\/11\/Ford-Ranger-2023-in-Trail-230S.jpg\" alt=\"Ford Ranger 2023 in Trail 230S\" width=\"772\" height=\"698\" srcset=\"https:\/\/caravaning.si\/tischer\/wp-content\/uploads\/2013\/11\/Ford-Ranger-2023-in-Trail-230S.jpg 772w, https:\/\/caravaning.si\/tischer\/wp-content\/uploads\/2013\/11\/Ford-Ranger-2023-in-Trail-230S-300x271.jpg 300w\" sizes=\"auto, (max-width: 772px) 100vw, 772px\" \/><\/a><a href=\"http:\/\/caravaning.si\/tischer\/wp-content\/uploads\/2013\/11\/50-jahre.jpg\"><img loading=\"lazy\" decoding=\"async\" class=\"aligncenter size-large wp-image-624\" src=\"http:\/\/caravaning.si\/tischer\/wp-content\/uploads\/2013\/11\/50-jahre-1024x683.jpg\" alt=\"50 jahre\" width=\"715\" height=\"477\" srcset=\"https:\/\/caravaning.si\/tischer\/wp-content\/uploads\/2013\/11\/50-jahre-1024x683.jpg 1024w, https:\/\/caravaning.si\/tischer\/wp-content\/uploads\/2013\/11\/50-jahre-300x200.jpg 300w, https:\/\/caravaning.si\/tischer\/wp-content\/uploads\/2013\/11\/50-jahre.jpg 1200w\" sizes=\"auto, (max-width: 715px) 100vw, 715px\" \/><\/a><\/p>\n<p><a href=\"http:\/\/caravaning.si\/tischer\/wp-content\/uploads\/2013\/11\/Image1.jpg\"><img loading=\"lazy\" decoding=\"async\" class=\"aligncenter size-large wp-image-578\" src=\"http:\/\/caravaning.si\/tischer\/wp-content\/uploads\/2013\/11\/Image1-1024x445.jpg\" alt=\"Image1\" width=\"715\" height=\"311\" srcset=\"https:\/\/caravaning.si\/tischer\/wp-content\/uploads\/2013\/11\/Image1-1024x445.jpg 1024w, https:\/\/caravaning.si\/tischer\/wp-content\/uploads\/2013\/11\/Image1-300x130.jpg 300w, https:\/\/caravaning.si\/tischer\/wp-content\/uploads\/2013\/11\/Image1.jpg 1244w\" sizes=\"auto, (max-width: 715px) 100vw, 715px\" \/><\/a><a href=\"http:\/\/caravaning.si\/tischer\/wp-content\/uploads\/2013\/11\/MB-X-in-Tischer-Trail230S.jpg\"><img loading=\"lazy\" decoding=\"async\" class=\"alignnone size-full wp-image-465\" src=\"http:\/\/caravaning.si\/tischer\/wp-content\/uploads\/2013\/11\/MB-X-in-Tischer-Trail230S.jpg\" alt=\"MB X in Tischer Trail230S\" width=\"960\" height=\"495\" srcset=\"https:\/\/caravaning.si\/tischer\/wp-content\/uploads\/2013\/11\/MB-X-in-Tischer-Trail230S.jpg 960w, https:\/\/caravaning.si\/tischer\/wp-content\/uploads\/2013\/11\/MB-X-in-Tischer-Trail230S-300x155.jpg 300w\" sizes=\"auto, (max-width: 960px) 100vw, 960px\" \/><\/a><a href=\"http:\/\/caravaning.si\/tischer\/wp-content\/uploads\/2013\/11\/Mercedes-X-in-Tischer-230S.jpg\"><img loading=\"lazy\" decoding=\"async\" class=\"alignnone size-full wp-image-464\" src=\"http:\/\/caravaning.si\/tischer\/wp-content\/uploads\/2013\/11\/Mercedes-X-in-Tischer-230S.jpg\" alt=\"Mercedes X in Tischer 230S\" width=\"960\" height=\"532\" srcset=\"https:\/\/caravaning.si\/tischer\/wp-content\/uploads\/2013\/11\/Mercedes-X-in-Tischer-230S.jpg 960w, https:\/\/caravaning.si\/tischer\/wp-content\/uploads\/2013\/11\/Mercedes-X-in-Tischer-230S-300x166.jpg 300w\" sizes=\"auto, (max-width: 960px) 100vw, 960px\" \/><\/a><a href=\"http:\/\/caravaning.si\/tischer\/wp-content\/uploads\/2013\/11\/Dsc_4523-ppp.jpg\"><img loading=\"lazy\" decoding=\"async\" class=\"aligncenter size-full wp-image-430\" src=\"http:\/\/caravaning.si\/tischer\/wp-content\/uploads\/2013\/11\/Dsc_4523-ppp.jpg\" alt=\"dsc_4523-ppp\" width=\"1200\" height=\"766\" srcset=\"https:\/\/caravaning.si\/tischer\/wp-content\/uploads\/2013\/11\/Dsc_4523-ppp.jpg 1200w, https:\/\/caravaning.si\/tischer\/wp-content\/uploads\/2013\/11\/Dsc_4523-ppp-300x192.jpg 300w, https:\/\/caravaning.si\/tischer\/wp-content\/uploads\/2013\/11\/Dsc_4523-ppp-1024x654.jpg 1024w\" sizes=\"auto, (max-width: 1200px) 100vw, 1200px\" \/><\/a><a href=\"http:\/\/caravaning.si\/tischer\/wp-content\/uploads\/2013\/11\/Trail-230.jpg\"><img loading=\"lazy\" decoding=\"async\" class=\"aligncenter size-full wp-image-423\" src=\"http:\/\/caravaning.si\/tischer\/wp-content\/uploads\/2013\/11\/Trail-230.jpg\" alt=\"Trail 230\" width=\"798\" height=\"320\" srcset=\"https:\/\/caravaning.si\/tischer\/wp-content\/uploads\/2013\/11\/Trail-230.jpg 798w, https:\/\/caravaning.si\/tischer\/wp-content\/uploads\/2013\/11\/Trail-230-300x120.jpg 300w\" sizes=\"auto, (max-width: 798px) 100vw, 798px\" \/><\/a><a href=\"http:\/\/caravaning.si\/tischer\/wp-content\/uploads\/2013\/11\/Tischer-Trail-200-mod.-leto-2017.jpg\"><img loading=\"lazy\" decoding=\"async\" class=\"aligncenter size-full wp-image-424\" src=\"http:\/\/caravaning.si\/tischer\/wp-content\/uploads\/2013\/11\/Tischer-Trail-200-mod.-leto-2017.jpg\" alt=\"Tischer Trail 200 mod. leto 2017\" width=\"960\" height=\"624\" srcset=\"https:\/\/caravaning.si\/tischer\/wp-content\/uploads\/2013\/11\/Tischer-Trail-200-mod.-leto-2017.jpg 960w, https:\/\/caravaning.si\/tischer\/wp-content\/uploads\/2013\/11\/Tischer-Trail-200-mod.-leto-2017-300x195.jpg 300w\" sizes=\"auto, (max-width: 960px) 100vw, 960px\" \/><\/a><a href=\"http:\/\/caravaning.si\/tischer\/wp-content\/uploads\/2013\/11\/tischer_pickup_absetzen-798x320.jpg\"><img loading=\"lazy\" decoding=\"async\" class=\"aligncenter size-full wp-image-425\" src=\"http:\/\/caravaning.si\/tischer\/wp-content\/uploads\/2013\/11\/tischer_pickup_absetzen-798x320.jpg\" alt=\"tischer_pickup_absetzen-798x320\" width=\"798\" height=\"320\" srcset=\"https:\/\/caravaning.si\/tischer\/wp-content\/uploads\/2013\/11\/tischer_pickup_absetzen-798x320.jpg 798w, https:\/\/caravaning.si\/tischer\/wp-content\/uploads\/2013\/11\/tischer_pickup_absetzen-798x320-300x120.jpg 300w\" sizes=\"auto, (max-width: 798px) 100vw, 798px\" \/><\/a><a href=\"http:\/\/caravaning.si\/tischer\/wp-content\/uploads\/2013\/11\/Box-240-in-Ford-Ranger-2016.jpg\"><img loading=\"lazy\" decoding=\"async\" class=\"aligncenter size-full wp-image-421\" src=\"http:\/\/caravaning.si\/tischer\/wp-content\/uploads\/2013\/11\/Box-240-in-Ford-Ranger-2016.jpg\" alt=\"Box 240 in Ford Ranger 2016\" width=\"798\" height=\"320\" srcset=\"https:\/\/caravaning.si\/tischer\/wp-content\/uploads\/2013\/11\/Box-240-in-Ford-Ranger-2016.jpg 798w, https:\/\/caravaning.si\/tischer\/wp-content\/uploads\/2013\/11\/Box-240-in-Ford-Ranger-2016-300x120.jpg 300w\" sizes=\"auto, (max-width: 798px) 100vw, 798px\" \/><\/a><\/p>\n<p style=\"text-align: center;\"><a href=\"http:\/\/caravaning.si\/tischer\/wp-content\/uploads\/2013\/11\/Dsc_2942-p.jpg\"><img loading=\"lazy\" decoding=\"async\" class=\"aligncenter size-full wp-image-419\" src=\"http:\/\/caravaning.si\/tischer\/wp-content\/uploads\/2013\/11\/Dsc_2942-p.jpg\" alt=\"Dsc_2942-p\" width=\"1600\" height=\"1068\" srcset=\"https:\/\/caravaning.si\/tischer\/wp-content\/uploads\/2013\/11\/Dsc_2942-p.jpg 1600w, https:\/\/caravaning.si\/tischer\/wp-content\/uploads\/2013\/11\/Dsc_2942-p-300x200.jpg 300w, https:\/\/caravaning.si\/tischer\/wp-content\/uploads\/2013\/11\/Dsc_2942-p-1024x684.jpg 1024w\" sizes=\"auto, (max-width: 1600px) 100vw, 1600px\" \/><\/a><\/p>\n<p style=\"text-align: center;\"><img loading=\"lazy\" decoding=\"async\" class=\"aligncenter size-full wp-image-432\" src=\"http:\/\/caravaning.si\/tischer\/wp-content\/uploads\/2013\/11\/T230S.jpg\" alt=\"t230s\" width=\"900\" height=\"562\" srcset=\"https:\/\/caravaning.si\/tischer\/wp-content\/uploads\/2013\/11\/T230S.jpg 900w, https:\/\/caravaning.si\/tischer\/wp-content\/uploads\/2013\/11\/T230S-300x187.jpg 300w\" sizes=\"auto, (max-width: 900px) 100vw, 900px\" \/>Ekskluzivni zastopnik za snemljive bivalnike TISCHER za; SLO, CRO, SRB<\/p>\n<p style=\"text-align: center;\">Zakraj\u0161ek Franci s.p.<\/p>\n<p style=\"text-align: center;\">GSM: 041 633 515<br \/>\ntischer.slo@gmail.com<\/p>\n<p>Med tednom osebno in delovno, \u010dez vikend ali na dopustu, pa po\u010ditni\u0161ko vozilo, za katerega te\u017eje dostopni zalivi, brezpotja ali pu\u0161\u010dava, ne predstavljajo ovir. Pribli\u017eno v desetih minutah je bivalnik pritrjen na vozilo in pripravljen za potep. Popoln komfort 4 \u010dlanske dru\u017eine na brezpotjih.<\/p>\n","protected":false},"excerpt":{"rendered":"<p>Ekskluzivni zastopnik za snemljive bivalnike TISCHER za; SLO, CRO, SRB Zakraj\u0161ek Franci s.p. GSM: 041 633 515 tischer.slo@gmail.com Med tednom osebno in delovno, \u010dez vikend ali na dopustu, pa po\u010ditni\u0161ko vozilo, za katerega te\u017eje dostopni zalivi, brezpotja ali pu\u0161\u010dava, ne predstavljajo ovir. Pribli\u017eno v desetih minutah je bivalnik pritrjen na vozilo in pripravljen za potep. [&hellip;]<\/p>\n","protected":false},"author":1,"featured_media":0,"parent":0,"menu_order":1,"comment_status":"closed","ping_status":"closed","template":"","meta":{"footnotes":""},"class_list":["post-5","page","type-page","status-publish","hentry"],"_links":{"self":[{"href":"https:\/\/caravaning.si\/tischer\/index.php?rest_route=\/wp\/v2\/pages\/5","targetHints":{"allow":["GET"]}}],"collection":[{"href":"https:\/\/caravaning.si\/tischer\/index.php?rest_route=\/wp\/v2\/pages"}],"about":[{"href":"https:\/\/caravaning.si\/tischer\/index.php?rest_route=\/wp\/v2\/types\/page"}],"author":[{"embeddable":true,"href":"https:\/\/caravaning.si\/tischer\/index.php?rest_route=\/wp\/v2\/users\/1"}],"replies":[{"embeddable":true,"href":"https:\/\/caravaning.si\/tischer\/index.php?rest_route=%2Fwp%2Fv2%2Fcomments&post=5"}],"version-history":[{"count":39,"href":"https:\/\/caravaning.si\/tischer\/index.php?rest_route=\/wp\/v2\/pages\/5\/revisions"}],"predecessor-version":[{"id":668,"href":"https:\/\/caravaning.si\/tischer\/index.php?rest_route=\/wp\/v2\/pages\/5\/revisions\/668"}],"wp:attachment":[{"href":"https:\/\/caravaning.si\/tischer\/index.php?rest_route=%2Fwp%2Fv2%2Fmedia&parent=5"}],"curies":[{"name":"wp","href":"https:\/\/api.w.org\/{rel}","templated":true}]}}