{"id":10,"date":"2013-11-23T11:15:50","date_gmt":"2013-11-23T10:15:50","guid":{"rendered":"http:\/\/caravaning.si\/tischer\/?page_id=10"},"modified":"2023-09-03T14:33:33","modified_gmt":"2023-09-03T13:33:33","slug":"modeli-opisi","status":"publish","type":"page","link":"https:\/\/caravaning.si\/tischer\/?page_id=10","title":{"rendered":"Opisi"},"content":{"rendered":"<p>Nem\u0161ki snemljivi bivalniki so v Evropi postali sinonim med bivalniki in so med snemljivimi bivalniki \u0161tevilka 1. Tischer je leta\u00a0\u00a01973 v evropi prvi pri\u010del z izdelavo snemljivih bivalnikov, kar je le eden od vzrokov, da je podjetje pripeljalo do tako vrhunskega in\u00a0\u00a0kvalitetnega izdelka. Izbrani kvalitetni materiali so vzrok za dobro temperaturno izolacijo, majhno te\u017eo in dolgo \u017eivljenjsko dobo.\u00a0Sendvi\u010d plo\u0161\u010de so na zunanji strani iz visoko kakovostnega aluminija s sredico extrudiranega polistirena (Styrofom) in vezane plo\u0161\u010de topola na notranji strani. Extrudiran polistiren je materijal iz zelo majhnih, popolnoma zaprtih celic, zato ima veliko tla\u010dno trdnost in prakti\u010dno ne vpija vode. Material je gostote 45 kg\/m3 in ima zaradi finej\u0161e celi\u010dne strukture bolj\u0161o (ni\u017ejo) toplotno prevodnost, od 0,030 W\/mK. Majhno navzemanje vode in velika upornost prehoda vodne pare sta idealna za bivalnik namenjen velikim temperaturnim spremembam. <strong>Prazne kabine<\/strong> so brez pohi\u0161tva in opreme. Prazna kabina ima vsa okna, vhodna vrata s komarnikom, enojno alu zlo\u017eljivo stopnico, podporne teleskopske noge, zadnje lu\u010di, 13 polni vtika\u010d in \u017ee obdelane stene, strop in PVC tla.<\/p>\n<table align=\"center\">\n<tbody>\n<tr>\n<td width=\"30%\">\u00a0<a href=\"http:\/\/caravaning.si\/tischer\/wp-content\/uploads\/2013\/11\/trail-box-250-275s_kabine_1024x778px-fdae9535.jpg\"><img loading=\"lazy\" decoding=\"async\" class=\" wp-image-635  alignleft\" src=\"http:\/\/caravaning.si\/tischer\/wp-content\/uploads\/2013\/11\/trail-box-250-275s_kabine_1024x778px-fdae9535.jpg\" alt=\"\" width=\"193\" height=\"147\" srcset=\"https:\/\/caravaning.si\/tischer\/wp-content\/uploads\/2013\/11\/trail-box-250-275s_kabine_1024x778px-fdae9535.jpg 780w, https:\/\/caravaning.si\/tischer\/wp-content\/uploads\/2013\/11\/trail-box-250-275s_kabine_1024x778px-fdae9535-300x228.jpg 300w\" sizes=\"auto, (max-width: 193px) 100vw, 193px\" \/><\/a><\/td>\n<td><strong>BOX verzija<\/strong>\u00a0je\u00a0klasi\u010dne robate oblike. Kotne omarice pod stropom so oglate oblike. Box verzija je nekoliko cenej\u0161a zaradi enostavnej\u0161e izdelave bivalnika. Funkcionalnost in kvaliteta je enaka kot pri Trail verziji.<\/td>\n<\/tr>\n<tr>\n<td width=\"30%\">\u00a0<a href=\"http:\/\/caravaning.si\/tischer\/wp-content\/uploads\/2013\/11\/Dsc09446-p1.jpg\"><img loading=\"lazy\" decoding=\"async\" class=\" wp-image-638 size-large alignnone\" src=\"http:\/\/caravaning.si\/tischer\/wp-content\/uploads\/2013\/11\/Dsc09446-p1-1024x602.jpg\" alt=\"\" width=\"715\" height=\"420\" srcset=\"https:\/\/caravaning.si\/tischer\/wp-content\/uploads\/2013\/11\/Dsc09446-p1-1024x602.jpg 1024w, https:\/\/caravaning.si\/tischer\/wp-content\/uploads\/2013\/11\/Dsc09446-p1-300x177.jpg 300w, https:\/\/caravaning.si\/tischer\/wp-content\/uploads\/2013\/11\/Dsc09446-p1.jpg 1200w\" sizes=\"auto, (max-width: 715px) 100vw, 715px\" \/><\/a><\/td>\n<td><strong>TRAIL verzija<\/strong>\u00a0je aerodinami\u010dne oblike\u00a0brez sti\u010di\u0161\u010d na robovih. Vrhunsko oblikovan in izdelan nadstre\u0161ek je pravo mojstrsko delo. Kotne stropne omarice\u00a0imajo zaobljene linije.<\/td>\n<\/tr>\n<tr>\n<td width=\"30%\"><\/td>\n<td><\/td>\n<\/tr>\n<tr>\n<td width=\"30%\">\u00a0<a href=\"http:\/\/caravaning.si\/tischer\/wp-content\/uploads\/2013\/11\/Tischer-Trail-200-mod.-leto-20171.jpg\"><img loading=\"lazy\" decoding=\"async\" class=\"aligncenter size-full wp-image-519\" src=\"http:\/\/caravaning.si\/tischer\/wp-content\/uploads\/2013\/11\/Tischer-Trail-200-mod.-leto-20171.jpg\" alt=\"Tischer Trail 200 mod. leto 2017\" width=\"960\" height=\"624\" srcset=\"https:\/\/caravaning.si\/tischer\/wp-content\/uploads\/2013\/11\/Tischer-Trail-200-mod.-leto-20171.jpg 960w, https:\/\/caravaning.si\/tischer\/wp-content\/uploads\/2013\/11\/Tischer-Trail-200-mod.-leto-20171-300x195.jpg 300w\" sizes=\"auto, (max-width: 960px) 100vw, 960px\" \/><\/a><\/td>\n<td><strong>BOX \/ TRAIL 200<\/strong>\u00a0 najmanj\u0161i model pri najdalj\u0161em kesonu skoraj nima previsa preko zadnjega roba pick-upa in posledi\u010dno nima toaletnega prostora. Postelja v nadstre\u0161ku meri 198 x 153 cm (Box 200 x 153) in iz sede\u017ene grupe 198 x 120 cm.\u00a0<strong>Prilagojen za vse tipe pick-upov:<\/strong>\u00a0Land Rover Defender 110 \/130 (dopla\u010dilo), ISUZU, Ford Ranger, Mazda B2500 in BT-50, Mitsubishi L200, Nissan, Opel Campo, Toyota Hilux, VW Taro, VW Caddy, Fiat Strada, VW Amarok, Renauld Alaskan, MB X-Class<\/td>\n<\/tr>\n<tr>\n<td width=\"30%\">\u00a0<a href=\"http:\/\/caravaning.si\/tischer\/wp-content\/uploads\/2013\/11\/Dsc_2868-p.jpg\"><img loading=\"lazy\" decoding=\"async\" class=\"aligncenter wp-image-639 size-full\" src=\"http:\/\/caravaning.si\/tischer\/wp-content\/uploads\/2013\/11\/Dsc_2868-p.jpg\" alt=\"\" width=\"800\" height=\"535\" srcset=\"https:\/\/caravaning.si\/tischer\/wp-content\/uploads\/2013\/11\/Dsc_2868-p.jpg 800w, https:\/\/caravaning.si\/tischer\/wp-content\/uploads\/2013\/11\/Dsc_2868-p-300x201.jpg 300w\" sizes=\"auto, (max-width: 800px) 100vw, 800px\" \/><\/a><\/td>\n<td><strong>BOX \/ TRAIL 220<\/strong>\u00a0 je namenjen pick-upom\u00a0z dvojno kabino\u00a0in ima za 15 cm kraj\u0161i previs od modela 230. WC \u0161koljka je vrtljiva tako kot pri modelu 240. Postelja v nadstre\u0161ku meri 198 x 153 cm (Box 200 x 153 cm) in sestavljiva postelja iz sede\u017ene grupe 198 x 92 cm.<strong>Prilagojen za vozila:<\/strong>\u00a0Ford Ranger, Isuzu, Mazda B2500 in BT-50, Mitsubishi L200 (od leta 2006 naprej, pogojno), Nissan, Toyota Hilux, VW Amarok, Renauld Alaskan, MB X-Class<\/td>\n<\/tr>\n<tr>\n<td width=\"30%\"><a href=\"http:\/\/caravaning.si\/tischer\/wp-content\/uploads\/2013\/11\/Trail-230S-na-novem-Rangerju.jpg\"><img loading=\"lazy\" decoding=\"async\" class=\"aligncenter wp-image-641 size-large\" src=\"http:\/\/caravaning.si\/tischer\/wp-content\/uploads\/2013\/11\/Trail-230S-na-novem-Rangerju-1024x631.jpg\" alt=\"\" width=\"715\" height=\"441\" srcset=\"https:\/\/caravaning.si\/tischer\/wp-content\/uploads\/2013\/11\/Trail-230S-na-novem-Rangerju-1024x631.jpg 1024w, https:\/\/caravaning.si\/tischer\/wp-content\/uploads\/2013\/11\/Trail-230S-na-novem-Rangerju-300x185.jpg 300w, https:\/\/caravaning.si\/tischer\/wp-content\/uploads\/2013\/11\/Trail-230S-na-novem-Rangerju.jpg 1440w\" sizes=\"auto, (max-width: 715px) 100vw, 715px\" \/><\/a><\/td>\n<td><strong>BOX \/ TRAIL 230\/230S<\/strong>\u00a0 Namenjen je pick-upom\u00a0<strong>z dvojno kabino<\/strong>\u00a0in ima pohodno dol\u017eino 230 cm. Od modela 220 je dalj\u0161i za 10 cm na ra\u010dun pove\u010dane sede\u017ene grupe in fiksnega WC-ja. Postelja v nadstre\u0161ku meri 198 x 153 cm (Box 200 x 153 cm) in sestavljiva postelja iz sede\u017ene garniture 198 x 113 cm. Modeli s stranskim vhodom imajo nekoliko kraj\u0161e desno sedi\u0161\u010de.\u00a0<strong>Prilagojen za vozila:<\/strong> Ford Ranger, Isuzu, Mazda B 2500 in BT-50, Mitsubishi L200(do 2006), Nissan, Toyota Hilux, VW Amarok, Renauld Alaskan, MB Class X<\/td>\n<\/tr>\n<tr>\n<td width=\"30%\">\u00a0<a href=\"http:\/\/caravaning.si\/tischer\/wp-content\/uploads\/2013\/11\/DSC09460-ppp.jpg\"><img loading=\"lazy\" decoding=\"async\" class=\" wp-image-643 size-full alignnone\" src=\"http:\/\/caravaning.si\/tischer\/wp-content\/uploads\/2013\/11\/DSC09460-ppp.jpg\" alt=\"\" width=\"800\" height=\"533\" srcset=\"https:\/\/caravaning.si\/tischer\/wp-content\/uploads\/2013\/11\/DSC09460-ppp.jpg 800w, https:\/\/caravaning.si\/tischer\/wp-content\/uploads\/2013\/11\/DSC09460-ppp-300x200.jpg 300w\" sizes=\"auto, (max-width: 800px) 100vw, 800px\" \/><\/a><\/td>\n<td><strong>BOX \/ TRAIL 260\/260S<\/strong>\u00a0 Model je prilagojen za pick-upe\u00a0<strong>z eno in pol kabino<\/strong>. Postelja v nadstre\u0161ku meri 198&#215;153 cm (Box 200 x 153 cm) in sestavljiva postelja iz sede\u017ene grupe 198&#215;120 cm. Pohodna dol\u017eina zna\u0161a 260 cm in vi\u0161ina 195 cm. Vhod je lahko na zadku ali s strani (S).<strong>Prilagojen za vozila:<\/strong>\u00a0Ford Ranger, Mazda B2500 in BT-50, ISUZU, Mitsubishi L200, Nissan, Opel Campo, Toyota Hilux, VW Taro.<\/td>\n<\/tr>\n<tr>\n<td width=\"30%\">\u00a0<a href=\"http:\/\/caravaning.si\/tischer\/wp-content\/uploads\/2013\/11\/260tloris2.jpg\"><img loading=\"lazy\" decoding=\"async\" class=\"alignnone size-full wp-image-36\" src=\"http:\/\/caravaning.si\/tischer\/wp-content\/uploads\/2013\/11\/260tloris2.jpg\" alt=\"260tloris2\" width=\"176\" height=\"95\" \/><\/a><\/td>\n<td><a href=\"http:\/\/caravaning.si\/tischer\/wp-content\/uploads\/2013\/11\/260tloris1.jpg\"><img loading=\"lazy\" decoding=\"async\" class=\"alignnone size-full wp-image-35\" src=\"http:\/\/caravaning.si\/tischer\/wp-content\/uploads\/2013\/11\/260tloris1.jpg\" alt=\"260tloris1\" width=\"183\" height=\"88\" \/><\/a><\/td>\n<\/tr>\n<tr>\n<td width=\"30%\"><a href=\"http:\/\/caravaning.si\/tischer\/wp-content\/uploads\/2013\/11\/BOX260RS.jpg\"><img loading=\"lazy\" decoding=\"async\" class=\"aligncenter size-large wp-image-525\" src=\"http:\/\/caravaning.si\/tischer\/wp-content\/uploads\/2013\/11\/BOX260RS-1024x904.jpg\" alt=\"BOX260RS\" width=\"715\" height=\"631\" srcset=\"https:\/\/caravaning.si\/tischer\/wp-content\/uploads\/2013\/11\/BOX260RS-1024x904.jpg 1024w, https:\/\/caravaning.si\/tischer\/wp-content\/uploads\/2013\/11\/BOX260RS-300x265.jpg 300w, https:\/\/caravaning.si\/tischer\/wp-content\/uploads\/2013\/11\/BOX260RS.jpg 1328w\" sizes=\"auto, (max-width: 715px) 100vw, 715px\" \/><\/a><\/td>\n<td><strong>BOX \/ TRAIL 260 RS<\/strong>\u00a0 je prilagojen za model\u00a0<strong>Land Rover Defender 130 in 110(opcija)<\/strong>.\u00a0Od modela 260S se razlikuje le po skupni zunanji vi\u0161ini in pohodni vi\u0161ini 212cm. Postelja v nadstre\u0161ku meri 198 x 153 cm (Box 200 x 153 cm) in sestavljiva postelja iz sede\u017ene grupe 198 x 120 cm.<\/td>\n<\/tr>\n<tr>\n<td width=\"30%\">\u00a0<a href=\"http:\/\/caravaning.si\/tischer\/wp-content\/uploads\/2013\/11\/Z-letom-2022-naprej.jpg\"><img loading=\"lazy\" decoding=\"async\" class=\"aligncenter wp-image-644 size-full\" src=\"http:\/\/caravaning.si\/tischer\/wp-content\/uploads\/2013\/11\/Z-letom-2022-naprej.jpg\" alt=\"\" width=\"853\" height=\"568\" srcset=\"https:\/\/caravaning.si\/tischer\/wp-content\/uploads\/2013\/11\/Z-letom-2022-naprej.jpg 853w, https:\/\/caravaning.si\/tischer\/wp-content\/uploads\/2013\/11\/Z-letom-2022-naprej-300x200.jpg 300w\" sizes=\"auto, (max-width: 853px) 100vw, 853px\" \/><\/a><\/td>\n<td><strong>BOX \/ TRAIL 250\/275S<\/strong>\u00a0 Nov model je za pick up vozila, Chevrolet C\/K 2500, Dodge RAM in Ford F-serije. Postelja v nadstre\u0161ku (alkovnu) meri 215&#215;153 cm in postelja iz sede\u017ene grupe 210 x 143 cm. Pohodna vi\u0161ina zna\u0161a 197 cm. Bivalnik je prilagojen za dolge ter kratke kesone.\u00a0Za dopla\u010dilo se za najdalj\u0161e kesone izdelajo ve\u010dji oziroma dalj\u0161i bivalniki.<\/td>\n<\/tr>\n<tr>\n<td width=\"30%\">\u00a0<a href=\"http:\/\/caravaning.si\/tischer\/wp-content\/uploads\/2013\/11\/160603_Trail280_VWT6_A_DSC5924-4_NA-p.jpg\"><img loading=\"lazy\" decoding=\"async\" class=\"aligncenter wp-image-646 size-large\" src=\"http:\/\/caravaning.si\/tischer\/wp-content\/uploads\/2013\/11\/160603_Trail280_VWT6_A_DSC5924-4_NA-p-1024x597.jpg\" alt=\"\" width=\"715\" height=\"417\" srcset=\"https:\/\/caravaning.si\/tischer\/wp-content\/uploads\/2013\/11\/160603_Trail280_VWT6_A_DSC5924-4_NA-p-1024x597.jpg 1024w, https:\/\/caravaning.si\/tischer\/wp-content\/uploads\/2013\/11\/160603_Trail280_VWT6_A_DSC5924-4_NA-p-300x175.jpg 300w, https:\/\/caravaning.si\/tischer\/wp-content\/uploads\/2013\/11\/160603_Trail280_VWT6_A_DSC5924-4_NA-p.jpg 1200w\" sizes=\"auto, (max-width: 715px) 100vw, 715px\" \/><\/a><\/td>\n<td><strong>BOX \/ TRAIL 280 S<\/strong> bivalnik je prilagojen VW transporterju z enojno kabino s kratko medosno razdaljo ter VW transporterju z dvojno kabino in dolgo med osno razdaljo. Postelja meri 208&#215;153 cm v nadstre\u0161ku in 206 x 132 cm iz sestavljive sede\u017ene grupe. Pohodna dol\u017eina zna\u0161a 280 cm in pohodna vi\u0161ina 202 cm.<\/td>\n<\/tr>\n<tr>\n<td width=\"30%\"><a href=\"http:\/\/caravaning.si\/tischer\/wp-content\/uploads\/2013\/11\/Trail-360S-2013.jpg\"><img loading=\"lazy\" decoding=\"async\" class=\"aligncenter wp-image-527 size-large\" src=\"http:\/\/caravaning.si\/tischer\/wp-content\/uploads\/2013\/11\/Trail-360S-2013-1024x681.jpg\" alt=\"Trail 360S - 2013\" width=\"715\" height=\"476\" srcset=\"https:\/\/caravaning.si\/tischer\/wp-content\/uploads\/2013\/11\/Trail-360S-2013.jpg 1024w, https:\/\/caravaning.si\/tischer\/wp-content\/uploads\/2013\/11\/Trail-360S-2013-300x200.jpg 300w\" sizes=\"auto, (max-width: 715px) 100vw, 715px\" \/><\/a><\/td>\n<td><strong>BOX \/ TRAIL 320S<\/strong>\u00a0 je izdelek po naro\u010dilu. Prilagojen za tovorna vozila; Fiat Ducato, Peugeot Boxer, Citroen Jumper ter Renauld Master z dvojno kabino in medosno razdaljo 3700 mm, IVECO Opcija je tudi enojna kabina ter Mercedes Sprinter z enojno ali dvojno kabino s tremi razli\u010dicami medosne razdalje (dopla\u010dilo). 320S ima dvojno dno do katerega lahko dostopamo z vseh treh zunanjih strani in \u0161e preko lopute v dnu bivalnega dela. Dvojno dno, razporeditev, velik prehod med bivalnikom ter kabino in dve 11 kg jeklenki za plin ga delajo druga\u010dnega od ostalih Tischerjevih bivalnikov. Vozilu oziroma kesonu odstranimo stranice ter se zapeljemo pod bivalnik katerega spustimo na keson in ga pritrdimo na obstoje\u010da mesta stranic.<\/td>\n<\/tr>\n<tr>\n<td width=\"30%\"><\/td>\n<td><a href=\"http:\/\/caravaning.si\/tischer\/wp-content\/uploads\/2013\/11\/260tloris1.jpg\"><img loading=\"lazy\" decoding=\"async\" class=\"alignnone size-full wp-image-35\" src=\"http:\/\/caravaning.si\/tischer\/wp-content\/uploads\/2013\/11\/260tloris1.jpg\" alt=\"260tloris1\" width=\"183\" height=\"88\" \/><\/a><\/td>\n<\/tr>\n<\/tbody>\n<\/table>\n<p>&nbsp;<\/p>\n<table border=\"0\" cellspacing=\"0\">\n<tbody>\n<tr>\n<td rowspan=\"2\"><strong>Vozilo<\/strong><\/td>\n<td rowspan=\"2\"><strong>Vrsta kabine<\/strong><\/td>\n<td rowspan=\"2\"><strong>Dol\u017eina kesona (mm)<\/strong><\/td>\n<\/tr>\n<tr valign=\"middle\">\n<td>200<\/td>\n<td>220<\/td>\n<td>230<\/td>\n<td>240<\/td>\n<td>260<\/td>\n<td>260R<\/td>\n<td>290<\/td>\n<td>250275S<\/td>\n<td>330<\/td>\n<td>280<\/td>\n<td>320<\/td>\n<td><strong>Dodatni info<\/strong><\/td>\n<\/tr>\n<tr>\n<td><b>MAZDA B-2500\u00a0<\/b>in <b>BT-50<\/b><\/td>\n<td>dvojna kabina<\/td>\n<td>\u00a01530<\/td>\n<td>\u00a0x<\/td>\n<td>\u00a0x<\/td>\n<td>\u00a0x<\/td>\n<td>\u00a0x<\/td>\n<td><\/td>\n<td><\/td>\n<td><\/td>\n<td><\/td>\n<td><\/td>\n<td><\/td>\n<td><\/td>\n<td><\/td>\n<\/tr>\n<tr>\n<td><\/td>\n<td>eno in pol<\/td>\n<td>1755<\/td>\n<td>x<\/td>\n<td><\/td>\n<td><\/td>\n<td>x<\/td>\n<td>x<\/td>\n<td><\/td>\n<td><\/td>\n<td><\/td>\n<td><\/td>\n<td><\/td>\n<td><\/td>\n<td><\/td>\n<\/tr>\n<tr>\n<td><\/td>\n<td>enojna kabina<\/td>\n<td>2280<\/td>\n<td><\/td>\n<td><\/td>\n<td><\/td>\n<td><\/td>\n<td><\/td>\n<td><\/td>\n<td>x<\/td>\n<td><\/td>\n<td><\/td>\n<td><\/td>\n<td><\/td>\n<td><\/td>\n<\/tr>\n<tr>\n<td><b>FORD Ranger<\/b><\/td>\n<td>dvojna kabina<\/td>\n<td>1530<\/td>\n<td>x<\/td>\n<td>x<\/td>\n<td>x<\/td>\n<td>x<\/td>\n<td><\/td>\n<td><\/td>\n<td><\/td>\n<td><\/td>\n<td><\/td>\n<td><\/td>\n<td><\/td>\n<td><\/td>\n<\/tr>\n<tr>\n<td><\/td>\n<td>eno in pol<\/td>\n<td>1755<\/td>\n<td>x<\/td>\n<td><\/td>\n<td><\/td>\n<td>x<\/td>\n<td>x<\/td>\n<td><\/td>\n<td><\/td>\n<td><\/td>\n<td><\/td>\n<td><\/td>\n<td><\/td>\n<td><\/td>\n<\/tr>\n<tr>\n<td><b>NISSAN Navara<\/b><\/td>\n<td>dvojna kabina<\/td>\n<td>1395<\/td>\n<td>x<\/td>\n<td>x<\/td>\n<td>x<\/td>\n<td><\/td>\n<td><\/td>\n<td><\/td>\n<td><\/td>\n<td><\/td>\n<td><\/td>\n<td><\/td>\n<td><\/td>\n<td>Model do leta 2005<\/td>\n<\/tr>\n<tr>\n<td><\/td>\n<td>dvojna kabina<\/td>\n<td>1510<\/td>\n<td>x<\/td>\n<td>x<\/td>\n<td>x<\/td>\n<td>x<\/td>\n<td><\/td>\n<td><\/td>\n<td><\/td>\n<td><\/td>\n<td><\/td>\n<td><\/td>\n<td><\/td>\n<td>Model od leta 2006<\/td>\n<\/tr>\n<tr>\n<td><\/td>\n<td>eno in pol<\/td>\n<td>1865<\/td>\n<td>x<\/td>\n<td><\/td>\n<td><\/td>\n<td>x<\/td>\n<td>x<\/td>\n<td><\/td>\n<td><\/td>\n<td><\/td>\n<td><\/td>\n<td><\/td>\n<td><\/td>\n<td><\/td>\n<\/tr>\n<tr>\n<td><b>TOYOTA Hilux<\/b><\/td>\n<td>dvojna kabina<\/td>\n<td>1355<\/td>\n<td>x<\/td>\n<td><\/td>\n<td><\/td>\n<td><\/td>\n<td><\/td>\n<td><\/td>\n<td><\/td>\n<td><\/td>\n<td><\/td>\n<td><\/td>\n<td><\/td>\n<td>Model do leta 2004<\/td>\n<\/tr>\n<tr>\n<td><\/td>\n<td>dvojna kabina<\/td>\n<td>1520<\/td>\n<td>\u00a0x<\/td>\n<td>\u00a0x<\/td>\n<td>\u00a0x<\/td>\n<td>\u00a0x<\/td>\n<td><\/td>\n<td><\/td>\n<td><\/td>\n<td><\/td>\n<td><\/td>\n<td><\/td>\n<td><\/td>\n<td>Model od leta 2005<\/td>\n<\/tr>\n<tr>\n<td><\/td>\n<td>eno in pol<\/td>\n<td>1805<\/td>\n<td>x<\/td>\n<td><\/td>\n<td><\/td>\n<td>x<\/td>\n<td>x<\/td>\n<td><\/td>\n<td><\/td>\n<td><\/td>\n<td><\/td>\n<td><\/td>\n<td><\/td>\n<td><\/td>\n<\/tr>\n<tr>\n<td><\/td>\n<td>enojna kabina<\/td>\n<td>2315<\/td>\n<td><\/td>\n<td><\/td>\n<td><\/td>\n<td><\/td>\n<td><\/td>\n<td><\/td>\n<td>x<\/td>\n<td><\/td>\n<td><\/td>\n<td><\/td>\n<td><\/td>\n<td><\/td>\n<\/tr>\n<tr>\n<td><b>ISUZU D-Max<\/b><\/td>\n<td>dvojna kabina<\/td>\n<td>1380<\/td>\n<td>x<\/td>\n<td>x<\/td>\n<td><\/td>\n<td><\/td>\n<td><\/td>\n<td><\/td>\n<td><\/td>\n<td><\/td>\n<td><\/td>\n<td><\/td>\n<td><\/td>\n<td><\/td>\n<\/tr>\n<tr>\n<td><\/td>\n<td>eno in pol<\/td>\n<td>1800<\/td>\n<td>x<\/td>\n<td><\/td>\n<td><\/td>\n<td>x<\/td>\n<td>x<\/td>\n<td><\/td>\n<td><\/td>\n<td><\/td>\n<td><\/td>\n<td><\/td>\n<td><\/td>\n<td><\/td>\n<\/tr>\n<tr valign=\"top\">\n<td><\/td>\n<td>enojna kabina<\/td>\n<td>2270<\/td>\n<td><\/td>\n<td><\/td>\n<td><\/td>\n<td><\/td>\n<td><\/td>\n<td><\/td>\n<td>x<\/td>\n<td><\/td>\n<td><\/td>\n<td><\/td>\n<td><\/td>\n<td><\/td>\n<\/tr>\n<tr>\n<td><b>Mitsubishi L 200<\/b><\/td>\n<td>dvojna kabina<\/td>\n<td>1500<\/td>\n<td>x<\/td>\n<td>x<\/td>\n<td>x<\/td>\n<td>x<\/td>\n<td><\/td>\n<td><\/td>\n<td><\/td>\n<td><\/td>\n<td><\/td>\n<td><\/td>\n<td><\/td>\n<td>Model do leta 2005<\/td>\n<\/tr>\n<tr>\n<td><\/td>\n<td>dvojna kabina<\/td>\n<td>1320<\/td>\n<td>x<\/td>\n<td><\/td>\n<td><\/td>\n<td><\/td>\n<td><\/td>\n<td><\/td>\n<td><\/td>\n<td><\/td>\n<td><\/td>\n<td><\/td>\n<td><\/td>\n<td>Model od leta 2006<\/td>\n<\/tr>\n<tr>\n<td><\/td>\n<td>eno in pol<\/td>\n<td>1830<\/td>\n<td>x<\/td>\n<td><\/td>\n<td><\/td>\n<td>x<\/td>\n<td>x<\/td>\n<td><\/td>\n<td><\/td>\n<td><\/td>\n<td><\/td>\n<td><\/td>\n<td><\/td>\n<td><\/td>\n<\/tr>\n<tr>\n<td><\/td>\n<td>enojna kabina<\/td>\n<td>2245<\/td>\n<td><\/td>\n<td><\/td>\n<td><\/td>\n<td><\/td>\n<td><\/td>\n<td><\/td>\n<td>x<\/td>\n<td><\/td>\n<td><\/td>\n<td><\/td>\n<td><\/td>\n<\/tr>\n<tr>\n<td><b>Land Rover Defender<\/b><\/td>\n<td>130 dvojna kabina<\/td>\n<td>1668<\/td>\n<td>opcija<\/td>\n<td><\/td>\n<td><\/td>\n<td>opcija<\/td>\n<td><\/td>\n<td>x<\/td>\n<td><\/td>\n<td><\/td>\n<td><\/td>\n<td><\/td>\n<td><\/td>\n<td><\/td>\n<\/tr>\n<tr>\n<td><\/td>\n<td>110 enojna kab<\/td>\n<td>2010<\/td>\n<td><\/td>\n<td><\/td>\n<td><\/td>\n<td><\/td>\n<td><\/td>\n<td>opcija<\/td>\n<td><\/td>\n<td><\/td>\n<td><\/td>\n<td><\/td>\n<td><\/td>\n<td>Dopla\u010dilo za opcijo<\/td>\n<\/tr>\n<tr>\n<td><\/td>\n<td>kratek keson<\/td>\n<td>2015<\/td>\n<td><\/td>\n<td><\/td>\n<td><\/td>\n<td><\/td>\n<td><\/td>\n<td><\/td>\n<td><\/td>\n<td>x<\/td>\n<td><\/td>\n<td><\/td>\n<td><\/td>\n<td><\/td>\n<\/tr>\n<tr>\n<td><\/td>\n<td>dolg keson<\/td>\n<td>2480<\/td>\n<td><\/td>\n<td><\/td>\n<td><\/td>\n<td><\/td>\n<td><\/td>\n<td><\/td>\n<td><\/td>\n<td><\/td>\n<td><\/td>\n<td>x<\/td>\n<td><\/td>\n<td><\/td>\n<\/tr>\n<tr>\n<td><b>FORD F-serija<\/b><\/td>\n<td>kratek keson<\/td>\n<td>2000<\/td>\n<td><\/td>\n<td><\/td>\n<td><\/td>\n<td><\/td>\n<td><\/td>\n<td><\/td>\n<td><\/td>\n<td>x<\/td>\n<td><\/td>\n<td><\/td>\n<td><\/td>\n<td><\/td>\n<\/tr>\n<tr>\n<td><\/td>\n<td>dolg keson<\/td>\n<td>2400<\/td>\n<td><\/td>\n<td><\/td>\n<td><\/td>\n<td><\/td>\n<td><\/td>\n<td><\/td>\n<td><\/td>\n<td><\/td>\n<td>x<\/td>\n<td><\/td>\n<td><\/td>\n<td><\/td>\n<\/tr>\n<tr>\n<td><b>Chevrolet C\/K-Serije<\/b><\/td>\n<td>kratek keson<\/td>\n<td>1800<\/td>\n<td><\/td>\n<td><\/td>\n<td><\/td>\n<td><\/td>\n<td><\/td>\n<td><\/td>\n<td><\/td>\n<td>x<\/td>\n<td><\/td>\n<td><\/td>\n<td><\/td>\n<td><\/td>\n<\/tr>\n<tr>\n<td><\/td>\n<td>dolg keson<\/td>\n<td>2100<\/td>\n<td><\/td>\n<td><\/td>\n<td><\/td>\n<td><\/td>\n<td><\/td>\n<td><\/td>\n<td><\/td>\n<td>x<\/td>\n<td><\/td>\n<td><\/td>\n<td><\/td>\n<td><\/td>\n<\/tr>\n<tr>\n<td><b>GMC Sierra<\/b><\/td>\n<td>standardni kes.<\/td>\n<td>2000<\/td>\n<td><\/td>\n<td><\/td>\n<td><\/td>\n<td><\/td>\n<td><\/td>\n<td><\/td>\n<td><\/td>\n<td>x<\/td>\n<td><\/td>\n<td><\/td>\n<td><\/td>\n<td><\/td>\n<\/tr>\n<tr valign=\"top\">\n<td><\/td>\n<td>dolg keson<\/td>\n<td>2480<\/td>\n<td><\/td>\n<td><\/td>\n<td><\/td>\n<td><\/td>\n<td><\/td>\n<td><\/td>\n<td><\/td>\n<td><\/td>\n<td>x<\/td>\n<td><\/td>\n<td><\/td>\n<td><\/td>\n<\/tr>\n<tr>\n<td><b>TOYOTA Tundra-USA<\/b><\/td>\n<td>standardni kes.<\/td>\n<td>2000<\/td>\n<td><\/td>\n<td><\/td>\n<td><\/td>\n<td><\/td>\n<td><\/td>\n<td><\/td>\n<td><\/td>\n<td>x<\/td>\n<td><\/td>\n<td><\/td>\n<td><\/td>\n<td><\/td>\n<\/tr>\n<tr>\n<td><\/td>\n<td>dolg keson<\/td>\n<td>2480<\/td>\n<td><\/td>\n<td><\/td>\n<td><\/td>\n<td><\/td>\n<td><\/td>\n<td><\/td>\n<td><\/td>\n<td><\/td>\n<td>x<\/td>\n<td><\/td>\n<td><\/td>\n<td><\/td>\n<\/tr>\n<tr>\n<td><b>FIAT Strada<\/b><\/td>\n<td>Podalj\u0161ana kab.<\/td>\n<td>1472<\/td>\n<td>x<\/td>\n<td><\/td>\n<td><\/td>\n<td><\/td>\n<td><\/td>\n<td><\/td>\n<td><\/td>\n<td><\/td>\n<td><\/td>\n<td><\/td>\n<td><\/td>\n<td>Majhna nosilnost<\/td>\n<\/tr>\n<tr>\n<td><\/td>\n<td>Enojna kabina<\/td>\n<td>1770<\/td>\n<td>x<\/td>\n<td><\/td>\n<td><\/td>\n<td><\/td>\n<td><\/td>\n<td><\/td>\n<td><\/td>\n<td><\/td>\n<td><\/td>\n<td><\/td>\n<td><\/td>\n<td>Samo lahek bivalnik<\/td>\n<\/tr>\n<tr>\n<td><b>VW T4\/T5<\/b><\/td>\n<td>Dvojna kabina<\/td>\n<td>2169<\/td>\n<td><\/td>\n<td><\/td>\n<td><\/td>\n<td><\/td>\n<td><\/td>\n<td><\/td>\n<td><\/td>\n<td><\/td>\n<td><\/td>\n<td>x<\/td>\n<td><\/td>\n<td><\/td>\n<\/tr>\n<tr>\n<td><\/td>\n<td>Enojna kabina<\/td>\n<td><\/td>\n<td><\/td>\n<td><\/td>\n<td><\/td>\n<td><\/td>\n<td><\/td>\n<td><\/td>\n<td><\/td>\n<td><\/td>\n<td><\/td>\n<td>x<\/td>\n<td><\/td>\n<td>Kratka medosna<\/td>\n<\/tr>\n<tr>\n<td><b>Fiat Ducato, Citroen\u00a0Jumper, Peugeot\u00a0Boxer,\u00a0<\/b><strong>MAN<\/strong><\/td>\n<td>Dvojna kabina<\/td>\n<td>2300<\/td>\n<td><\/td>\n<td><\/td>\n<td><\/td>\n<td><\/td>\n<td><\/td>\n<td><\/td>\n<td><\/td>\n<td><\/td>\n<td><\/td>\n<td><\/td>\n<td>x<\/td>\n<td><\/td>\n<\/tr>\n<\/tbody>\n<\/table>\n","protected":false},"excerpt":{"rendered":"<p>Nem\u0161ki snemljivi bivalniki so v Evropi postali sinonim med bivalniki in so med snemljivimi bivalniki \u0161tevilka 1. Tischer je leta\u00a0\u00a01973 v evropi prvi pri\u010del z izdelavo snemljivih bivalnikov, kar je le eden od vzrokov, da je podjetje pripeljalo do tako vrhunskega in\u00a0\u00a0kvalitetnega izdelka. Izbrani kvalitetni materiali so vzrok za dobro temperaturno izolacijo, majhno te\u017eo in [&hellip;]<\/p>\n","protected":false},"author":1,"featured_media":0,"parent":177,"menu_order":2,"comment_status":"closed","ping_status":"closed","template":"","meta":{"footnotes":""},"class_list":["post-10","page","type-page","status-publish","hentry"],"_links":{"self":[{"href":"https:\/\/caravaning.si\/tischer\/index.php?rest_route=\/wp\/v2\/pages\/10","targetHints":{"allow":["GET"]}}],"collection":[{"href":"https:\/\/caravaning.si\/tischer\/index.php?rest_route=\/wp\/v2\/pages"}],"about":[{"href":"https:\/\/caravaning.si\/tischer\/index.php?rest_route=\/wp\/v2\/types\/page"}],"author":[{"embeddable":true,"href":"https:\/\/caravaning.si\/tischer\/index.php?rest_route=\/wp\/v2\/users\/1"}],"replies":[{"embeddable":true,"href":"https:\/\/caravaning.si\/tischer\/index.php?rest_route=%2Fwp%2Fv2%2Fcomments&post=10"}],"version-history":[{"count":36,"href":"https:\/\/caravaning.si\/tischer\/index.php?rest_route=\/wp\/v2\/pages\/10\/revisions"}],"predecessor-version":[{"id":648,"href":"https:\/\/caravaning.si\/tischer\/index.php?rest_route=\/wp\/v2\/pages\/10\/revisions\/648"}],"up":[{"embeddable":true,"href":"https:\/\/caravaning.si\/tischer\/index.php?rest_route=\/wp\/v2\/pages\/177"}],"wp:attachment":[{"href":"https:\/\/caravaning.si\/tischer\/index.php?rest_route=%2Fwp%2Fv2%2Fmedia&parent=10"}],"curies":[{"name":"wp","href":"https:\/\/api.w.org\/{rel}","templated":true}]}}