{"id":2,"date":"2008-12-02T11:00:13","date_gmt":"2008-12-02T16:00:13","guid":{"rendered":""},"modified":"2012-11-05T22:24:00","modified_gmt":"2012-11-05T21:24:00","slug":"about","status":"publish","type":"page","link":"http:\/\/caravaning.si\/zanimiv\/gumpi\/","title":{"rendered":"Vizitka"},"content":{"rendered":"<p class=\"MsoNormal\">\n<p class=\"MsoNormal\"><strong><span>\u017dal sem opazil, da so nekateri prispevki, objavljeni na blogu postali nedosegljivi. Gre predvsem za dalj\u0161e potopise, ki so, kot je videti, na stre\u017eniku zasedali preve\u010d prostora. \u017delim le poudariti, da so bili potopisi in prispevki na tem blogu vedno prosto dostopni in jih nikoli nisem odstranjeval. Z moje strani tudi ni zadr\u017ekov, da bi ne bili dostopni tudi v prihodnje. \u010ce pa je tak\u0161na odlo\u010ditev lastnika strani, se z njo strinjam in jo spo\u0161tujem.<\/span><\/strong><\/p>\n<p class=\"MsoNormal\">\n<p class=\"MsoNormal\">***************************************************************************************<\/p>\n<p class=\"MsoNormal\">Dr. Gumpi.<\/p>\n<p class=\"MsoNormal\">Ima\u0161 moj mobi, moj mail &#8230;&#8230; a je treba takole. <strong>Jaz nisem ni\u010desar brisal.<\/strong> Sem gor sem pri\u0161el, ker mi je Dave sporo\u010dil, da nekaj ne dela.<\/p>\n<p class=\"MsoNormal\">Se je pa nekdo o\u010ditno prijavil s tvojimi podatki, ker po tistem ko sem prebral gornji tekst sem preveril v bazi in na\u0161el:<\/p>\n<p><img decoding=\"async\" src=\"http:\/\/caravaning.si\/caravaning\/gumpi.jpeg\" alt=\"Vdor\" \/><\/p>\n<p>Verjetno nisi ti spreminjal prijavnih podatkov?<\/p>\n<p>A greva lahko sedaj na mail ali mobi?<\/p>\n<p>LP Goran<\/p>\n","protected":false},"excerpt":{"rendered":"<p>\u017dal sem opazil, da so nekateri prispevki, objavljeni na blogu postali nedosegljivi. Gre predvsem za dalj\u0161e potopise, ki so, kot je videti, na stre\u017eniku zasedali preve\u010d prostora. \u017delim le poudariti, da so bili potopisi in prispevki na tem blogu vedno prosto dostopni in jih nikoli nisem odstranjeval. Z moje strani tudi ni zadr\u017ekov, da bi [&hellip;]<\/p>\n","protected":false},"author":10,"featured_media":0,"parent":0,"menu_order":0,"comment_status":"open","ping_status":"open","template":"","meta":{"footnotes":""},"class_list":["post-2","page","type-page","status-publish","hentry"],"_links":{"self":[{"href":"http:\/\/caravaning.si\/zanimiv\/gumpi\/index.php?rest_route=\/wp\/v2\/pages\/2","targetHints":{"allow":["GET"]}}],"collection":[{"href":"http:\/\/caravaning.si\/zanimiv\/gumpi\/index.php?rest_route=\/wp\/v2\/pages"}],"about":[{"href":"http:\/\/caravaning.si\/zanimiv\/gumpi\/index.php?rest_route=\/wp\/v2\/types\/page"}],"author":[{"embeddable":true,"href":"http:\/\/caravaning.si\/zanimiv\/gumpi\/index.php?rest_route=\/wp\/v2\/users\/10"}],"replies":[{"embeddable":true,"href":"http:\/\/caravaning.si\/zanimiv\/gumpi\/index.php?rest_route=%2Fwp%2Fv2%2Fcomments&post=2"}],"version-history":[{"count":11,"href":"http:\/\/caravaning.si\/zanimiv\/gumpi\/index.php?rest_route=\/wp\/v2\/pages\/2\/revisions"}],"predecessor-version":[{"id":400,"href":"http:\/\/caravaning.si\/zanimiv\/gumpi\/index.php?rest_route=\/wp\/v2\/pages\/2\/revisions\/400"}],"wp:attachment":[{"href":"http:\/\/caravaning.si\/zanimiv\/gumpi\/index.php?rest_route=%2Fwp%2Fv2%2Fmedia&parent=2"}],"curies":[{"name":"wp","href":"https:\/\/api.w.org\/{rel}","templated":true}]}}