{"id":3813,"date":"2015-11-30T20:46:00","date_gmt":"2015-11-30T19:46:00","guid":{"rendered":"http:\/\/caravaning.si\/dave\/?page_id=3813"},"modified":"2023-05-31T09:30:14","modified_gmt":"2023-05-31T08:30:14","slug":"sport","status":"publish","type":"page","link":"http:\/\/caravaning.si\/dave\/?page_id=3813","title":{"rendered":"\u0160port"},"content":{"rendered":"<p><a href=\"http:\/\/caravaning.si\/dave\/?p=4404\">Tistih par minut<\/a>&#8211; O obiskih \u0161portnih prireditev<\/p>\n<p><a title=\"Sanka\u0161ki dnevnik\" href=\"http:\/\/caravaning.si\/dave\/?p=4135\">Sanka\u0161ki dnevnik<\/a>&#8211; Pretipkani in skenirani zapisi mladega sanka\u010da<\/p>\n<p><a title=\"O vrednotah\" href=\"http:\/\/caravaning.si\/dave\/?p=4044\" target=\"_blank\" rel=\"noopener noreferrer\">Sanj(k)e-<\/a> O sankanju na kole\u0161\u010dkih, a predvsem o vrednotah<\/p>\n<p><a title=\"Sankanje na kole\u0161\u010dkih\" href=\"http:\/\/caravaning.si\/dave\/?p=3987\">Rock&amp;Roll-enrodeln<\/a>&#8211; Sankanje na kole\u0161\u010dkih<\/p>\n<p><a title=\"MotoGP\" href=\"http:\/\/caravaning.si\/dave\/?p=3546\">Nazaj k naravi<\/a>&#8211; Motociklizem<\/p>\n<p><a title=\"SP 2014\" href=\"http:\/\/caravaning.si\/dave\/?p=3197\">Sube la copa<\/a>&#8211; Ko\u0161arka<\/p>\n<p><a title=\"Sankanje na naravnih progah s \u0161portnimi sanmi\" href=\"http:\/\/caravaning.si\/dave\/?p=2944\">Sankanje<\/a><\/p>\n","protected":false},"excerpt":{"rendered":"<p>Tistih par minut&#8211; O obiskih \u0161portnih prireditev Sanka\u0161ki dnevnik&#8211; Pretipkani in skenirani zapisi mladega sanka\u010da Sanj(k)e- O sankanju na kole\u0161\u010dkih, a predvsem o vrednotah Rock&amp;Roll-enrodeln&#8211; Sankanje na kole\u0161\u010dkih Nazaj k naravi&#8211; Motociklizem Sube la copa&#8211; Ko\u0161arka Sankanje<\/p>\n","protected":false},"author":2,"featured_media":0,"parent":0,"menu_order":5,"comment_status":"closed","ping_status":"closed","template":"","meta":{"footnotes":""},"class_list":["post-3813","page","type-page","status-publish","hentry"],"_links":{"self":[{"href":"http:\/\/caravaning.si\/dave\/index.php?rest_route=\/wp\/v2\/pages\/3813","targetHints":{"allow":["GET"]}}],"collection":[{"href":"http:\/\/caravaning.si\/dave\/index.php?rest_route=\/wp\/v2\/pages"}],"about":[{"href":"http:\/\/caravaning.si\/dave\/index.php?rest_route=\/wp\/v2\/types\/page"}],"author":[{"embeddable":true,"href":"http:\/\/caravaning.si\/dave\/index.php?rest_route=\/wp\/v2\/users\/2"}],"replies":[{"embeddable":true,"href":"http:\/\/caravaning.si\/dave\/index.php?rest_route=%2Fwp%2Fv2%2Fcomments&post=3813"}],"version-history":[{"count":7,"href":"http:\/\/caravaning.si\/dave\/index.php?rest_route=\/wp\/v2\/pages\/3813\/revisions"}],"predecessor-version":[{"id":4427,"href":"http:\/\/caravaning.si\/dave\/index.php?rest_route=\/wp\/v2\/pages\/3813\/revisions\/4427"}],"wp:attachment":[{"href":"http:\/\/caravaning.si\/dave\/index.php?rest_route=%2Fwp%2Fv2%2Fmedia&parent=3813"}],"curies":[{"name":"wp","href":"https:\/\/api.w.org\/{rel}","templated":true}]}}