{"id":2728,"date":"2013-11-13T20:10:34","date_gmt":"2013-11-13T19:10:34","guid":{"rendered":"http:\/\/caravaning.si\/dave\/?page_id=2728"},"modified":"2023-07-14T10:17:34","modified_gmt":"2023-07-14T09:17:34","slug":"izleti","status":"publish","type":"page","link":"http:\/\/caravaning.si\/dave\/?page_id=2728","title":{"rendered":"Izleti"},"content":{"rendered":"<p><a href=\"http:\/\/caravaning.si\/dave\/?p=4445\">CRO WRC<\/a><\/p>\n<p><a href=\"http:\/\/caravaning.si\/dave\/?p=4404\">Tistih par minut<\/a><\/p>\n<p><a title=\"MotoGP 2015\" href=\"http:\/\/caravaning.si\/dave\/?p=3546\">Nazaj k naravi<\/a><\/p>\n<p><a title=\"Velika no\u010d 2015\" href=\"http:\/\/caravaning.si\/dave\/?p=3488\">Buona Pasqua<\/a><\/p>\n<p><a title=\"Medfazna lutanja\" href=\"http:\/\/caravaning.si\/dave\/?p=3367\">Foto&#8217;Safari&#8217;<\/a><\/p>\n<p><a title=\"Basket WC 2014\" href=\"http:\/\/caravaning.si\/dave\/?p=3197\">Sube la copa<\/a><\/p>\n<p><a title=\"Idrija\" href=\"http:\/\/caravaning.si\/dave\/?p=2211\">Primorski konvoj<\/a><\/p>\n<p><a title=\"Cinque terre\" href=\"http:\/\/caravaning.si\/dave\/?p=1952\">Cinque terre<\/a><\/p>\n<p><a title=\"Krompirjeve 2012\" href=\"http:\/\/caravaning.si\/dave\/?p=1792\">P\u00e9cs-Pe\u010duh-F\u00fcnfkirchen<\/a><\/p>\n<p><a title=\"Jadranje\" href=\"http:\/\/caravaning.si\/dave\/?p=1661\">Od \u0161pilje do \u0161pilje<\/a><\/p>\n<p><a title=\"Velikono\u010dni 2012\" href=\"http:\/\/caravaning.si\/dave\/?p=1553\">Smrt fa\u0161izmu, svoboda neandertalcem<\/a><\/p>\n<p><a title=\"Krompirjeve 2009\" href=\"http:\/\/caravaning.si\/dave\/?p=608\">Jezerca SV Slovenije<\/a><\/p>\n","protected":false},"excerpt":{"rendered":"<p>CRO WRC Tistih par minut Nazaj k naravi Buona Pasqua Foto&#8217;Safari&#8217; Sube la copa Primorski konvoj Cinque terre P\u00e9cs-Pe\u010duh-F\u00fcnfkirchen Od \u0161pilje do \u0161pilje Smrt fa\u0161izmu, svoboda neandertalcem Jezerca SV Slovenije<\/p>\n","protected":false},"author":2,"featured_media":0,"parent":0,"menu_order":2,"comment_status":"closed","ping_status":"closed","template":"","meta":{"footnotes":""},"class_list":["post-2728","page","type-page","status-publish","hentry"],"_links":{"self":[{"href":"http:\/\/caravaning.si\/dave\/index.php?rest_route=\/wp\/v2\/pages\/2728","targetHints":{"allow":["GET"]}}],"collection":[{"href":"http:\/\/caravaning.si\/dave\/index.php?rest_route=\/wp\/v2\/pages"}],"about":[{"href":"http:\/\/caravaning.si\/dave\/index.php?rest_route=\/wp\/v2\/types\/page"}],"author":[{"embeddable":true,"href":"http:\/\/caravaning.si\/dave\/index.php?rest_route=\/wp\/v2\/users\/2"}],"replies":[{"embeddable":true,"href":"http:\/\/caravaning.si\/dave\/index.php?rest_route=%2Fwp%2Fv2%2Fcomments&post=2728"}],"version-history":[{"count":8,"href":"http:\/\/caravaning.si\/dave\/index.php?rest_route=\/wp\/v2\/pages\/2728\/revisions"}],"predecessor-version":[{"id":4469,"href":"http:\/\/caravaning.si\/dave\/index.php?rest_route=\/wp\/v2\/pages\/2728\/revisions\/4469"}],"wp:attachment":[{"href":"http:\/\/caravaning.si\/dave\/index.php?rest_route=%2Fwp%2Fv2%2Fmedia&parent=2728"}],"curies":[{"name":"wp","href":"https:\/\/api.w.org\/{rel}","templated":true}]}}