{"id":2710,"date":"2010-03-24T01:25:16","date_gmt":"2010-03-24T00:25:16","guid":{"rendered":"http:\/\/caravaning.si\/dave\/?page_id=2710"},"modified":"2020-09-01T12:09:28","modified_gmt":"2020-09-01T11:09:28","slug":"2710-2","status":"publish","type":"page","link":"http:\/\/caravaning.si\/dave\/?page_id=2710","title":{"rendered":"Potopisi"},"content":{"rendered":"<p><a href=\"http:\/\/caravaning.si\/dave\/?p=3788\">Nem\u010dija 2015<\/a><\/p>\n<p><a href=\"http:\/\/caravaning.si\/dave\/?p=3693\">Poljska 2015<\/a><\/p>\n<p style=\"text-align: justify;\"><a title=\"Holandija\" href=\"http:\/\/caravaning.si\/dave\/?p=3062\">Nizozemska 2014<\/a><\/p>\n<p><a title=\"\u0160panija 2013\" href=\"http:\/\/caravaning.si\/dave\/?p=2376\">\u0160panija 2013<\/a><\/p>\n<p><a title=\"\u010crna gora 2011\" href=\"http:\/\/caravaning.si\/dave\/?p=806\">\u010crna gora 2011<\/a><\/p>\n<p><a title=\"Sicilija 2009\" href=\"http:\/\/caravaning.si\/dave\/?p=461\">Sicilija 2009<\/a><\/p>\n<p><a title=\"Danska 2008\" href=\"http:\/\/caravaning.si\/dave\/?p=3\">Danska 2008<\/a><\/p>\n<p><a title=\"Starej\u0161i potopisi\" href=\"http:\/\/caravaning.si\/dave\/?p=727\">Starej\u0161i potopisi<\/a><\/p>\n","protected":false},"excerpt":{"rendered":"<p>Nem\u010dija 2015 Poljska 2015 Nizozemska 2014 \u0160panija 2013 \u010crna gora 2011 Sicilija 2009 Danska 2008 Starej\u0161i potopisi<\/p>\n","protected":false},"author":2,"featured_media":0,"parent":0,"menu_order":0,"comment_status":"closed","ping_status":"closed","template":"","meta":{"footnotes":""},"class_list":["post-2710","page","type-page","status-publish","hentry"],"_links":{"self":[{"href":"http:\/\/caravaning.si\/dave\/index.php?rest_route=\/wp\/v2\/pages\/2710","targetHints":{"allow":["GET"]}}],"collection":[{"href":"http:\/\/caravaning.si\/dave\/index.php?rest_route=\/wp\/v2\/pages"}],"about":[{"href":"http:\/\/caravaning.si\/dave\/index.php?rest_route=\/wp\/v2\/types\/page"}],"author":[{"embeddable":true,"href":"http:\/\/caravaning.si\/dave\/index.php?rest_route=\/wp\/v2\/users\/2"}],"replies":[{"embeddable":true,"href":"http:\/\/caravaning.si\/dave\/index.php?rest_route=%2Fwp%2Fv2%2Fcomments&post=2710"}],"version-history":[{"count":10,"href":"http:\/\/caravaning.si\/dave\/index.php?rest_route=\/wp\/v2\/pages\/2710\/revisions"}],"predecessor-version":[{"id":4168,"href":"http:\/\/caravaning.si\/dave\/index.php?rest_route=\/wp\/v2\/pages\/2710\/revisions\/4168"}],"wp:attachment":[{"href":"http:\/\/caravaning.si\/dave\/index.php?rest_route=%2Fwp%2Fv2%2Fmedia&parent=2710"}],"curies":[{"name":"wp","href":"https:\/\/api.w.org\/{rel}","templated":true}]}}