{"id":228,"date":"2010-03-24T01:25:16","date_gmt":"2010-03-24T00:25:16","guid":{"rendered":"http:\/\/caravaning.si\/dave\/?page_id=228"},"modified":"2020-09-01T12:28:18","modified_gmt":"2020-09-01T11:28:18","slug":"228-2","status":"publish","type":"page","link":"http:\/\/caravaning.si\/dave\/?page_id=228","title":{"rendered":"Frisitka"},"content":{"rendered":"<address>david.velikanje@gmail.com<br \/>\n<a href=\"http:\/\/caravaning.si\/dave\/wp-content\/uploads\/2010\/03\/Velikanje-David.jpg\"><img loading=\"lazy\" decoding=\"async\" width=\"500\" height=\"334\" class=\"alignleft size-medium wp-image-3473\" alt=\"Velikanje David\" src=\"http:\/\/caravaning.si\/dave\/wp-content\/uploads\/2010\/03\/Velikanje-David-500x334.jpg\" srcset=\"http:\/\/caravaning.si\/dave\/wp-content\/uploads\/2010\/03\/Velikanje-David-500x334.jpg 500w, http:\/\/caravaning.si\/dave\/wp-content\/uploads\/2010\/03\/Velikanje-David.jpg 700w\" sizes=\"auto, (max-width: 500px) 100vw, 500px\" \/><\/a><\/address>\n<p>&nbsp;<\/p>\n<div id=\"attachment_3982\" style=\"width: 510px\" class=\"wp-caption alignleft\"><a href=\"http:\/\/caravaning.si\/dave\/wp-content\/uploads\/2010\/03\/DSC_2006small.jpg\"><img loading=\"lazy\" decoding=\"async\" aria-describedby=\"caption-attachment-3982\" width=\"500\" height=\"331\" class=\"wp-image-3982 size-medium\" alt=\"dsc_2006small\" src=\"http:\/\/caravaning.si\/dave\/wp-content\/uploads\/2010\/03\/DSC_2006small-500x331.jpg\" srcset=\"http:\/\/caravaning.si\/dave\/wp-content\/uploads\/2010\/03\/DSC_2006small-500x331.jpg 500w, http:\/\/caravaning.si\/dave\/wp-content\/uploads\/2010\/03\/DSC_2006small.jpg 800w\" sizes=\"auto, (max-width: 500px) 100vw, 500px\" \/><\/a><p id=\"caption-attachment-3982\" class=\"wp-caption-text\">Foto: Jakob Skrt<\/p><\/div>\n<p>&nbsp;<\/p>\n<p><span style=\"font-size: small;\">Potovalnostni zakon:<\/span><\/p>\n<p style=\"text-align: center;\"><span style=\"font-size: small;\"><span style=\"font-weight: normal;\"><strong>Ve\u010d ko potuje\u0161, manj novega vidi\u0161.<\/strong><\/span><\/span><\/p>\n<p style=\"text-align: left;\"><span style=\"font-size: small;\">Moto:<\/span><\/p>\n<p class=\"MsoNoSpacing\" style=\"margin: 0cm 0cm 0pt; text-align: center;\"><span style=\"font-size: small;\"><span style=\"font-weight: normal;\"><strong>Samo kar delam rad, lahko delam dobro; in samo kar delam dobro, delam rad.<\/strong><\/span><\/span><\/p>\n<p style=\"text-align: left;\"><span style=\"font-size: small;\">&nbsp;<\/span><\/p>\n<p style=\"text-align: left;\"><span style=\"font-size: small;\">Predelave:<\/span><\/p>\n<p style=\"text-align: center;\"><span style=\"font-size: small;\"><span style=\"font-weight: normal;\"><strong>Ne veke vekomaj&#8230;..,<\/strong><\/span> <strong>trepalnice.<\/strong><\/span><\/p>\n<p style=\"text-align: center;\"><span style=\"font-size: small;\"><span style=\"font-weight: normal;\"><strong>Ne gnjavi dneva pred ve\u010derom.<\/strong><\/span><\/span><\/p>\n<p style=\"text-align: center;\"><span style=\"font-size: small;\"><strong>Pomagaj si sam, &#8230;&#8230;.. in&nbsp;bo!<\/strong><\/span><\/p>\n","protected":false},"excerpt":{"rendered":"<p>david.velikanje@gmail.com &nbsp; &nbsp; Potovalnostni zakon: Ve\u010d ko potuje\u0161, manj novega vidi\u0161. Moto: Samo kar delam rad, lahko delam dobro; in samo kar delam dobro, delam rad. &nbsp; Predelave: Ne veke vekomaj&#8230;.., trepalnice. Ne gnjavi dneva pred ve\u010derom. Pomagaj si sam, &#8230;&#8230;.. in&nbsp;bo!<\/p>\n","protected":false},"author":2,"featured_media":0,"parent":0,"menu_order":7,"comment_status":"closed","ping_status":"closed","template":"","meta":{"footnotes":""},"class_list":["post-228","page","type-page","status-publish","hentry"],"_links":{"self":[{"href":"http:\/\/caravaning.si\/dave\/index.php?rest_route=\/wp\/v2\/pages\/228","targetHints":{"allow":["GET"]}}],"collection":[{"href":"http:\/\/caravaning.si\/dave\/index.php?rest_route=\/wp\/v2\/pages"}],"about":[{"href":"http:\/\/caravaning.si\/dave\/index.php?rest_route=\/wp\/v2\/types\/page"}],"author":[{"embeddable":true,"href":"http:\/\/caravaning.si\/dave\/index.php?rest_route=\/wp\/v2\/users\/2"}],"replies":[{"embeddable":true,"href":"http:\/\/caravaning.si\/dave\/index.php?rest_route=%2Fwp%2Fv2%2Fcomments&post=228"}],"version-history":[{"count":25,"href":"http:\/\/caravaning.si\/dave\/index.php?rest_route=\/wp\/v2\/pages\/228\/revisions"}],"predecessor-version":[{"id":4178,"href":"http:\/\/caravaning.si\/dave\/index.php?rest_route=\/wp\/v2\/pages\/228\/revisions\/4178"}],"wp:attachment":[{"href":"http:\/\/caravaning.si\/dave\/index.php?rest_route=%2Fwp%2Fv2%2Fmedia&parent=228"}],"curies":[{"name":"wp","href":"https:\/\/api.w.org\/{rel}","templated":true}]}}