{"id":212,"date":"2010-03-24T01:25:16","date_gmt":"2010-03-24T00:25:16","guid":{"rendered":"http:\/\/caravaning.si\/dave\/?page_id=212"},"modified":"2020-09-01T12:28:32","modified_gmt":"2020-09-01T11:28:32","slug":"212-2","status":"publish","type":"page","link":"http:\/\/caravaning.si\/dave\/?page_id=212","title":{"rendered":"Dejvlavnica"},"content":{"rendered":"<h3>Zakaj?&nbsp;&nbsp;&nbsp;&nbsp;&nbsp;&nbsp;&nbsp;&nbsp;&nbsp;&nbsp;&nbsp;Mogo\u010de pa komu kaj prav pride&#8230;<\/h3>\n<h5 class=\"mceTemp\"><a title=\"\u010ci\u0161\u010denje hladilnika\" href=\"http:\/\/caravaning.si\/dave\/?p=181\" target=\"_self\" rel=\"noopener noreferrer\">Hladilnik<\/a>&nbsp; <a title=\"Razne police\" href=\"http:\/\/caravaning.si\/dave\/?p=175\" target=\"_self\" rel=\"noopener noreferrer\">Police&nbsp;<\/a> <a title=\"Popravilo WC-ja\" href=\"http:\/\/caravaning.si\/dave\/?p=339\" target=\"_self\" rel=\"noopener noreferrer\">WC<\/a>&nbsp; <a title=\"Popravilo stre\u0161nega okna\" href=\"http:\/\/caravaning.si\/dave\/?p=367\" target=\"_self\" rel=\"noopener noreferrer\">Stre\u0161no okno<\/a>&nbsp; <a title=\"Sen\u010dila in termalije\" href=\"http:\/\/caravaning.si\/dave\/?p=744\" target=\"_self\" rel=\"noopener noreferrer\">Senca<\/a><\/h5>\n<div id=\"attachment_213\" style=\"width: 539px\" class=\"wp-caption alignnone\"><a href=\"http:\/\/caravaning.si\/dave\/files\/2010\/03\/pz.jpg\"><img loading=\"lazy\" decoding=\"async\" aria-describedby=\"caption-attachment-213\" width=\"529\" height=\"352\" class=\"size-medium wp-image-213\" alt=\"Stane Sr\u0161en\" src=\"http:\/\/caravaning.si\/dave\/files\/2010\/03\/pz-600x400.jpg\"><\/a><p id=\"caption-attachment-213\" class=\"wp-caption-text\">Avtor fotografije: Stane Sr\u0161en<\/p><\/div>\n","protected":false},"excerpt":{"rendered":"<p>Zakaj?&nbsp;&nbsp;&nbsp;&nbsp;&nbsp;&nbsp;&nbsp;&nbsp;&nbsp;&nbsp;&nbsp;Mogo\u010de pa komu kaj prav pride&#8230; Hladilnik&nbsp; Police&nbsp; WC&nbsp; Stre\u0161no okno&nbsp; Senca<\/p>\n","protected":false},"author":2,"featured_media":0,"parent":0,"menu_order":6,"comment_status":"closed","ping_status":"closed","template":"","meta":{"footnotes":""},"class_list":["post-212","page","type-page","status-publish","hentry"],"_links":{"self":[{"href":"http:\/\/caravaning.si\/dave\/index.php?rest_route=\/wp\/v2\/pages\/212","targetHints":{"allow":["GET"]}}],"collection":[{"href":"http:\/\/caravaning.si\/dave\/index.php?rest_route=\/wp\/v2\/pages"}],"about":[{"href":"http:\/\/caravaning.si\/dave\/index.php?rest_route=\/wp\/v2\/types\/page"}],"author":[{"embeddable":true,"href":"http:\/\/caravaning.si\/dave\/index.php?rest_route=\/wp\/v2\/users\/2"}],"replies":[{"embeddable":true,"href":"http:\/\/caravaning.si\/dave\/index.php?rest_route=%2Fwp%2Fv2%2Fcomments&post=212"}],"version-history":[{"count":33,"href":"http:\/\/caravaning.si\/dave\/index.php?rest_route=\/wp\/v2\/pages\/212\/revisions"}],"predecessor-version":[{"id":4179,"href":"http:\/\/caravaning.si\/dave\/index.php?rest_route=\/wp\/v2\/pages\/212\/revisions\/4179"}],"wp:attachment":[{"href":"http:\/\/caravaning.si\/dave\/index.php?rest_route=%2Fwp%2Fv2%2Fmedia&parent=212"}],"curies":[{"name":"wp","href":"https:\/\/api.w.org\/{rel}","templated":true}]}}